{"id":14,"date":"2017-01-05T10:34:03","date_gmt":"2017-01-05T09:34:03","guid":{"rendered":"http:\/\/cauris.sn\/espacethialy\/?page_id=14"},"modified":"2017-01-22T13:19:52","modified_gmt":"2017-01-22T12:19:52","slug":"lauberge-thialy","status":"publish","type":"page","link":"http:\/\/cauris.sn\/espacethialy\/presentation\/lauberge-thialy\/","title":{"rendered":"L&rsquo;auberge"},"content":{"rendered":"<p style=\"text-align: center;\"><strong>Une auberge qui n\u2019est pas sans racine<\/strong><\/p>\n<p>Dans son histoire r\u00e9cente, L\u2019Espace Thialy \u00e9tait un lieu d\u2019accueil des associations intervenant sur des projets culturels et de d\u00e9veloppement. Pendant plus de 10 ans, missions associatives, chantiers de jeunes, lyc\u00e9es, coll\u00e8ges et \u00e9coles se sont crois\u00e9s au sein de notre \u00e9quipement. Ils ont partag\u00e9 leurs aventures, leur joie et leur fatigue, leurs espoirs et parfois leur d\u00e9ception. Ils ont \u00e9chang\u00e9 des savoirs faire, des id\u00e9es, des adresses.<\/p>\n<p>Aujourd\u2019hui, l\u2019auberge prolonge cette vocation et s\u2019est ouverte \u00e0 l\u2019accueil de toutes les personnes d\u00e9sireuses de d\u00e9couvrir le pays.<\/p>\n<p>En vacances ou en mission, au travail ou pour le plaisir, vous partagerez vos connaissances sous le Thialy (Petit hangar traditionnel)<\/p>\n","protected":false},"excerpt":{"rendered":"<p>Une auberge qui n\u2019est pas sans racine Dans son histoire r\u00e9cente, L\u2019Espace Thialy \u00e9tait un lieu d\u2019accueil des associations intervenant sur des projets culturels et de d\u00e9veloppement. Pendant plus de 10 ans, missions associatives, chantiers de jeunes, lyc\u00e9es, coll\u00e8ges et \u00e9coles se sont crois\u00e9s au sein de notre \u00e9quipement. Ils ont partag\u00e9 leurs aventures, leurLire la suite &rarr;<\/p>\n","protected":false},"author":1,"featured_media":0,"parent":5,"menu_order":0,"comment_status":"closed","ping_status":"closed","template":"","meta":[],"yoast_head":"<!-- This site is optimized with the Yoast SEO plugin v20.0 - https:\/\/yoast.com\/wordpress\/plugins\/seo\/ -->\n<title>L&#039;auberge - H\u00e9bergement sur Dakar - Auberge de l&#039;espace Thialy<\/title>\n<meta name=\"robots\" content=\"index, follow, max-snippet:-1, max-image-preview:large, max-video-preview:-1\" \/>\n<link rel=\"canonical\" href=\"http:\/\/cauris.sn\/espacethialy\/presentation\/lauberge-thialy\/\" \/>\n<meta property=\"og:locale\" content=\"fr_FR\" \/>\n<meta property=\"og:type\" content=\"article\" \/>\n<meta property=\"og:title\" content=\"L&#039;auberge - H\u00e9bergement sur Dakar - Auberge de l&#039;espace Thialy\" \/>\n<meta property=\"og:description\" content=\"Une auberge qui n\u2019est pas sans racine Dans son histoire r\u00e9cente, L\u2019Espace Thialy \u00e9tait un lieu d\u2019accueil des associations intervenant sur des projets culturels et de d\u00e9veloppement. Pendant plus de 10 ans, missions associatives, chantiers de jeunes, lyc\u00e9es, coll\u00e8ges et \u00e9coles se sont crois\u00e9s au sein de notre \u00e9quipement. Ils ont partag\u00e9 leurs aventures, leurLire la suite &rarr;\" \/>\n<meta property=\"og:url\" content=\"http:\/\/cauris.sn\/espacethialy\/presentation\/lauberge-thialy\/\" \/>\n<meta property=\"og:site_name\" content=\"H\u00e9bergement sur Dakar - Auberge de l&#039;espace Thialy\" \/>\n<meta property=\"article:modified_time\" content=\"2017-01-22T12:19:52+00:00\" \/>\n<meta name=\"twitter:card\" content=\"summary_large_image\" \/>\n<meta name=\"twitter:label1\" content=\"Dur\u00e9e de lecture estim\u00e9e\" \/>\n\t<meta name=\"twitter:data1\" content=\"1 minute\" \/>\n<script type=\"application\/ld+json\" class=\"yoast-schema-graph\">{\"@context\":\"https:\/\/schema.org\",\"@graph\":[{\"@type\":\"WebPage\",\"@id\":\"http:\/\/cauris.sn\/espacethialy\/presentation\/lauberge-thialy\/\",\"url\":\"http:\/\/cauris.sn\/espacethialy\/presentation\/lauberge-thialy\/\",\"name\":\"L'auberge - H\u00e9bergement sur Dakar - Auberge de l&#039;espace Thialy\",\"isPartOf\":{\"@id\":\"https:\/\/cauris.sn\/espacethialy\/#website\"},\"datePublished\":\"2017-01-05T09:34:03+00:00\",\"dateModified\":\"2017-01-22T12:19:52+00:00\",\"breadcrumb\":{\"@id\":\"http:\/\/cauris.sn\/espacethialy\/presentation\/lauberge-thialy\/#breadcrumb\"},\"inLanguage\":\"fr-FR\",\"potentialAction\":[{\"@type\":\"ReadAction\",\"target\":[\"http:\/\/cauris.sn\/espacethialy\/presentation\/lauberge-thialy\/\"]}]},{\"@type\":\"BreadcrumbList\",\"@id\":\"http:\/\/cauris.sn\/espacethialy\/presentation\/lauberge-thialy\/#breadcrumb\",\"itemListElement\":[{\"@type\":\"ListItem\",\"position\":1,\"name\":\"Accueil\",\"item\":\"http:\/\/cauris.sn\/espacethialy\/\"},{\"@type\":\"ListItem\",\"position\":2,\"name\":\"Pr\u00e9sentation\",\"item\":\"http:\/\/cauris.sn\/espacethialy\/\"},{\"@type\":\"ListItem\",\"position\":3,\"name\":\"L&rsquo;auberge\"}]},{\"@type\":\"WebSite\",\"@id\":\"https:\/\/cauris.sn\/espacethialy\/#website\",\"url\":\"https:\/\/cauris.sn\/espacethialy\/\",\"name\":\"H\u00e9bergement sur Dakar - Auberge de l&#039;espace Thialy\",\"description\":\"Tarifs comp\u00e9titifs, accueil et conseils avertis\",\"publisher\":{\"@id\":\"https:\/\/cauris.sn\/espacethialy\/#organization\"},\"potentialAction\":[{\"@type\":\"SearchAction\",\"target\":{\"@type\":\"EntryPoint\",\"urlTemplate\":\"https:\/\/cauris.sn\/espacethialy\/?s={search_term_string}\"},\"query-input\":\"required name=search_term_string\"}],\"inLanguage\":\"fr-FR\"},{\"@type\":\"Organization\",\"@id\":\"https:\/\/cauris.sn\/espacethialy\/#organization\",\"name\":\"H\u00e9bergement sur Dakar - Auberge de l&#039;espace Thialy\",\"url\":\"https:\/\/cauris.sn\/espacethialy\/\",\"logo\":{\"@type\":\"ImageObject\",\"inLanguage\":\"fr-FR\",\"@id\":\"https:\/\/cauris.sn\/espacethialy\/#\/schema\/logo\/image\/\",\"url\":\"http:\/\/cauris.sn\/espacethialy\/wp-content\/uploads\/2017\/01\/cropped-cropped-verso-thialy-vectorise.png\",\"contentUrl\":\"http:\/\/cauris.sn\/espacethialy\/wp-content\/uploads\/2017\/01\/cropped-cropped-verso-thialy-vectorise.png\",\"width\":512,\"height\":512,\"caption\":\"H\u00e9bergement sur Dakar - Auberge de l&#039;espace Thialy\"},\"image\":{\"@id\":\"https:\/\/cauris.sn\/espacethialy\/#\/schema\/logo\/image\/\"}}]}<\/script>\n<!-- \/ Yoast SEO plugin. -->","yoast_head_json":{"title":"L'auberge - H\u00e9bergement sur Dakar - Auberge de l&#039;espace Thialy","robots":{"index":"index","follow":"follow","max-snippet":"max-snippet:-1","max-image-preview":"max-image-preview:large","max-video-preview":"max-video-preview:-1"},"canonical":"http:\/\/cauris.sn\/espacethialy\/presentation\/lauberge-thialy\/","og_locale":"fr_FR","og_type":"article","og_title":"L'auberge - H\u00e9bergement sur Dakar - Auberge de l&#039;espace Thialy","og_description":"Une auberge qui n\u2019est pas sans racine Dans son histoire r\u00e9cente, L\u2019Espace Thialy \u00e9tait un lieu d\u2019accueil des associations intervenant sur des projets culturels et de d\u00e9veloppement. Pendant plus de 10 ans, missions associatives, chantiers de jeunes, lyc\u00e9es, coll\u00e8ges et \u00e9coles se sont crois\u00e9s au sein de notre \u00e9quipement. Ils ont partag\u00e9 leurs aventures, leurLire la suite &rarr;","og_url":"http:\/\/cauris.sn\/espacethialy\/presentation\/lauberge-thialy\/","og_site_name":"H\u00e9bergement sur Dakar - Auberge de l&#039;espace Thialy","article_modified_time":"2017-01-22T12:19:52+00:00","twitter_card":"summary_large_image","twitter_misc":{"Dur\u00e9e de lecture estim\u00e9e":"1 minute"},"schema":{"@context":"https:\/\/schema.org","@graph":[{"@type":"WebPage","@id":"http:\/\/cauris.sn\/espacethialy\/presentation\/lauberge-thialy\/","url":"http:\/\/cauris.sn\/espacethialy\/presentation\/lauberge-thialy\/","name":"L'auberge - H\u00e9bergement sur Dakar - Auberge de l&#039;espace Thialy","isPartOf":{"@id":"https:\/\/cauris.sn\/espacethialy\/#website"},"datePublished":"2017-01-05T09:34:03+00:00","dateModified":"2017-01-22T12:19:52+00:00","breadcrumb":{"@id":"http:\/\/cauris.sn\/espacethialy\/presentation\/lauberge-thialy\/#breadcrumb"},"inLanguage":"fr-FR","potentialAction":[{"@type":"ReadAction","target":["http:\/\/cauris.sn\/espacethialy\/presentation\/lauberge-thialy\/"]}]},{"@type":"BreadcrumbList","@id":"http:\/\/cauris.sn\/espacethialy\/presentation\/lauberge-thialy\/#breadcrumb","itemListElement":[{"@type":"ListItem","position":1,"name":"Accueil","item":"http:\/\/cauris.sn\/espacethialy\/"},{"@type":"ListItem","position":2,"name":"Pr\u00e9sentation","item":"http:\/\/cauris.sn\/espacethialy\/"},{"@type":"ListItem","position":3,"name":"L&rsquo;auberge"}]},{"@type":"WebSite","@id":"https:\/\/cauris.sn\/espacethialy\/#website","url":"https:\/\/cauris.sn\/espacethialy\/","name":"H\u00e9bergement sur Dakar - Auberge de l&#039;espace Thialy","description":"Tarifs comp\u00e9titifs, accueil et conseils avertis","publisher":{"@id":"https:\/\/cauris.sn\/espacethialy\/#organization"},"potentialAction":[{"@type":"SearchAction","target":{"@type":"EntryPoint","urlTemplate":"https:\/\/cauris.sn\/espacethialy\/?s={search_term_string}"},"query-input":"required name=search_term_string"}],"inLanguage":"fr-FR"},{"@type":"Organization","@id":"https:\/\/cauris.sn\/espacethialy\/#organization","name":"H\u00e9bergement sur Dakar - Auberge de l&#039;espace Thialy","url":"https:\/\/cauris.sn\/espacethialy\/","logo":{"@type":"ImageObject","inLanguage":"fr-FR","@id":"https:\/\/cauris.sn\/espacethialy\/#\/schema\/logo\/image\/","url":"http:\/\/cauris.sn\/espacethialy\/wp-content\/uploads\/2017\/01\/cropped-cropped-verso-thialy-vectorise.png","contentUrl":"http:\/\/cauris.sn\/espacethialy\/wp-content\/uploads\/2017\/01\/cropped-cropped-verso-thialy-vectorise.png","width":512,"height":512,"caption":"H\u00e9bergement sur Dakar - Auberge de l&#039;espace Thialy"},"image":{"@id":"https:\/\/cauris.sn\/espacethialy\/#\/schema\/logo\/image\/"}}]}},"_links":{"self":[{"href":"http:\/\/cauris.sn\/espacethialy\/wp-json\/wp\/v2\/pages\/14"}],"collection":[{"href":"http:\/\/cauris.sn\/espacethialy\/wp-json\/wp\/v2\/pages"}],"about":[{"href":"http:\/\/cauris.sn\/espacethialy\/wp-json\/wp\/v2\/types\/page"}],"author":[{"embeddable":true,"href":"http:\/\/cauris.sn\/espacethialy\/wp-json\/wp\/v2\/users\/1"}],"replies":[{"embeddable":true,"href":"http:\/\/cauris.sn\/espacethialy\/wp-json\/wp\/v2\/comments?post=14"}],"version-history":[{"count":3,"href":"http:\/\/cauris.sn\/espacethialy\/wp-json\/wp\/v2\/pages\/14\/revisions"}],"predecessor-version":[{"id":71,"href":"http:\/\/cauris.sn\/espacethialy\/wp-json\/wp\/v2\/pages\/14\/revisions\/71"}],"up":[{"embeddable":true,"href":"http:\/\/cauris.sn\/espacethialy\/wp-json\/wp\/v2\/pages\/5"}],"wp:attachment":[{"href":"http:\/\/cauris.sn\/espacethialy\/wp-json\/wp\/v2\/media?parent=14"}],"curies":[{"name":"wp","href":"https:\/\/api.w.org\/{rel}","templated":true}]}}